{"id":1178,"date":"2022-11-16T11:11:39","date_gmt":"2022-11-16T10:11:39","guid":{"rendered":"https:\/\/www.elfrago.org\/?page_id=1178"},"modified":"2023-01-05T11:24:44","modified_gmt":"2023-01-05T10:24:44","slug":"historia-del-pueblo","status":"publish","type":"page","link":"https:\/\/www.elfrago.org\/index.php\/historia-del-pueblo\/","title":{"rendered":"Historia del pueblo"},"content":{"rendered":"\t\t<div data-elementor-type=\"wp-page\" data-elementor-id=\"1178\" class=\"elementor elementor-1178\" data-elementor-post-type=\"page\">\n\t\t\t\t\t\t\t\t\t<section class=\"elementor-section elementor-top-section elementor-element elementor-element-ce9fe36 elementor-section-boxed elementor-section-height-default elementor-section-height-default\" data-id=\"ce9fe36\" data-element_type=\"section\">\n\t\t\t\t\t\t<div class=\"elementor-container elementor-column-gap-default\">\n\t\t\t\t\t<div class=\"elementor-column elementor-col-100 elementor-top-column elementor-element elementor-element-571401b\" data-id=\"571401b\" data-element_type=\"column\">\n\t\t\t<div class=\"elementor-widget-wrap elementor-element-populated\">\n\t\t\t\t\t\t\t\t<div class=\"elementor-element elementor-element-a1d7296 elementor-widget elementor-widget-heading\" data-id=\"a1d7296\" data-element_type=\"widget\" data-widget_type=\"heading.default\">\n\t\t\t\t<div class=\"elementor-widget-container\">\n\t\t\t<style>\/*! elementor - v3.14.0 - 26-06-2023 *\/\n.elementor-heading-title{padding:0;margin:0;line-height:1}.elementor-widget-heading .elementor-heading-title[class*=elementor-size-]>a{color:inherit;font-size:inherit;line-height:inherit}.elementor-widget-heading .elementor-heading-title.elementor-size-small{font-size:15px}.elementor-widget-heading .elementor-heading-title.elementor-size-medium{font-size:19px}.elementor-widget-heading .elementor-heading-title.elementor-size-large{font-size:29px}.elementor-widget-heading .elementor-heading-title.elementor-size-xl{font-size:39px}.elementor-widget-heading .elementor-heading-title.elementor-size-xxl{font-size:59px}<\/style><h1 class=\"elementor-heading-title elementor-size-default\">Un peque\u00f1o recorrido por El Frago<\/h1>\t\t<\/div>\n\t\t\t\t<\/div>\n\t\t\t\t<section class=\"elementor-section elementor-inner-section elementor-element elementor-element-285eda4 elementor-section-boxed elementor-section-height-default elementor-section-height-default\" data-id=\"285eda4\" data-element_type=\"section\">\n\t\t\t\t\t\t<div class=\"elementor-container elementor-column-gap-default\">\n\t\t\t\t\t<div class=\"elementor-column elementor-col-50 elementor-inner-column elementor-element elementor-element-ede69c9\" data-id=\"ede69c9\" data-element_type=\"column\">\n\t\t\t<div class=\"elementor-widget-wrap elementor-element-populated\">\n\t\t\t\t\t\t\t\t<div class=\"elementor-element elementor-element-ba158f9 elementor-widget elementor-widget-image\" data-id=\"ba158f9\" data-element_type=\"widget\" data-widget_type=\"image.default\">\n\t\t\t\t<div class=\"elementor-widget-container\">\n\t\t\t<style>\/*! elementor - v3.14.0 - 26-06-2023 *\/\n.elementor-widget-image{text-align:center}.elementor-widget-image a{display:inline-block}.elementor-widget-image a img[src$=\".svg\"]{width:48px}.elementor-widget-image img{vertical-align:middle;display:inline-block}<\/style>\t\t\t\t\t\t\t\t\t\t\t\t<img decoding=\"async\" src=\"https:\/\/www.elfrago.org\/wp-content\/uploads\/elementor\/thumbs\/El-Frago-Vista-desde-Arriba-pxsk371pf6pxqq482usdg22o4d60n72wpd7u09x4hs.jpg\" title=\"El Frago &#8211; Vista desde Arriba\" alt=\"El Frago - Vista desde Arriba\" loading=\"lazy\" \/>\t\t\t\t\t\t\t\t\t\t\t\t\t\t\t<\/div>\n\t\t\t\t<\/div>\n\t\t\t\t\t<\/div>\n\t\t<\/div>\n\t\t\t\t<div class=\"elementor-column elementor-col-50 elementor-inner-column elementor-element elementor-element-6aaa069\" data-id=\"6aaa069\" data-element_type=\"column\">\n\t\t\t<div class=\"elementor-widget-wrap elementor-element-populated\">\n\t\t\t\t\t\t\t\t<div class=\"elementor-element elementor-element-a51930d elementor-widget elementor-widget-text-editor\" data-id=\"a51930d\" data-element_type=\"widget\" data-widget_type=\"text-editor.default\">\n\t\t\t\t<div class=\"elementor-widget-container\">\n\t\t\t<style>\/*! elementor - v3.14.0 - 26-06-2023 *\/\n.elementor-widget-text-editor.elementor-drop-cap-view-stacked .elementor-drop-cap{background-color:#69727d;color:#fff}.elementor-widget-text-editor.elementor-drop-cap-view-framed .elementor-drop-cap{color:#69727d;border:3px solid;background-color:transparent}.elementor-widget-text-editor:not(.elementor-drop-cap-view-default) .elementor-drop-cap{margin-top:8px}.elementor-widget-text-editor:not(.elementor-drop-cap-view-default) .elementor-drop-cap-letter{width:1em;height:1em}.elementor-widget-text-editor .elementor-drop-cap{float:left;text-align:center;line-height:1;font-size:50px}.elementor-widget-text-editor .elementor-drop-cap-letter{display:inline-block}<\/style>\t\t\t\t<p>Situado al este de la comarca de las Cinco Villas. El Frago se encuentra ubicado en un enclave privilegiado, dominando los valles del R\u00edo Arba de Biel y del Barranco de Cervera, sobre un cerro a unos 629 m. de altitud. Se trata de un bello conjunto arquitect\u00f3nico medieval original del siglo XII que mantiene en sus empinadas calles restos de su juder\u00eda.<\/p><p>Se documenta la presencia humana en \u00e9poca prehist\u00f3rica, aunque la primera menci\u00f3n directa a esta localidad data del siglo XI, durante la Reconquista con Sancho Ram\u00edrez en el trono del Reino. Sin embargo, ser\u00e1 su hijo Alfonso el Batallador quien en 1115 otorgue carta de poblaci\u00f3n.<\/p><p>Inicialmente fue una villa de realengo, despu\u00e9s pas\u00f3 a pertenecer a diversos se\u00f1or\u00edos, formando parte del Condado de Luna. En esta \u00e9poca, tras las contiendas, se produce el asentamiento de una importante comunidad hebrea, expulsada en 1492.<\/p>\t\t\t\t\t\t<\/div>\n\t\t\t\t<\/div>\n\t\t\t\t\t<\/div>\n\t\t<\/div>\n\t\t\t\t\t\t\t<\/div>\n\t\t<\/section>\n\t\t\t\t<section class=\"elementor-section elementor-inner-section elementor-element elementor-element-74fc66c elementor-reverse-mobile elementor-section-boxed elementor-section-height-default elementor-section-height-default\" data-id=\"74fc66c\" data-element_type=\"section\">\n\t\t\t\t\t\t<div class=\"elementor-container elementor-column-gap-default\">\n\t\t\t\t\t<div class=\"elementor-column elementor-col-50 elementor-inner-column elementor-element elementor-element-01f20f2\" data-id=\"01f20f2\" data-element_type=\"column\">\n\t\t\t<div class=\"elementor-widget-wrap elementor-element-populated\">\n\t\t\t\t\t\t\t\t<div class=\"elementor-element elementor-element-46c24cf elementor-widget elementor-widget-text-editor\" data-id=\"46c24cf\" data-element_type=\"widget\" data-widget_type=\"text-editor.default\">\n\t\t\t\t<div class=\"elementor-widget-container\">\n\t\t\t\t\t\t\t<p>Se conservan, como testigos de esta poblaci\u00f3n, dos sillares en la fachada exterior de una vivienda en la calle Mayor, uno procedente de la tumba del rab\u00ed Yom Tob, hijo de rab\u00ed Yishaq, el segundo corresponde a rab\u00ed Hayyim.<\/p><p>En la c\u00faspide del n\u00facleo urbano encontramos la iglesia parroquial de San Nicol\u00e1s de Bari. Edificio de silleria de estilo rom\u00e1nico, que data del siglo XII. Presenta una sola nave, y cabecera semicircular, cubierta con b\u00f3veda de medio ca\u00f1\u00f3n y arcos fajones que apoyan en sendas columnas con capiteles decorados, y dividen la nave en cinco tramos.<\/p><p>En el siglo XVI sufri\u00f3 una ampliaci\u00f3n, en la que se le a\u00f1adieron dos capillas con b\u00f3veda estrellada, y la torre de planta cuadrada.<\/p>\t\t\t\t\t\t<\/div>\n\t\t\t\t<\/div>\n\t\t\t\t\t<\/div>\n\t\t<\/div>\n\t\t\t\t<div class=\"elementor-column elementor-col-50 elementor-inner-column elementor-element elementor-element-07316bb\" data-id=\"07316bb\" data-element_type=\"column\">\n\t\t\t<div class=\"elementor-widget-wrap elementor-element-populated\">\n\t\t\t\t\t\t\t\t<div class=\"elementor-element elementor-element-97fe3dc elementor-widget elementor-widget-image\" data-id=\"97fe3dc\" data-element_type=\"widget\" data-widget_type=\"image.default\">\n\t\t\t\t<div class=\"elementor-widget-container\">\n\t\t\t\t\t\t\t\t\t\t\t\t\t\t\t<img decoding=\"async\" src=\"https:\/\/www.elfrago.org\/wp-content\/uploads\/elementor\/thumbs\/Arbol-de-El-Frago-pxsk37zjm0r82c2uxd700ju4pr1duw6n1hvbhjvqbk.jpg\" title=\"Arbol de El Frago\" alt=\"Arbol de El Frago\" loading=\"lazy\" \/>\t\t\t\t\t\t\t\t\t\t\t\t\t\t\t<\/div>\n\t\t\t\t<\/div>\n\t\t\t\t\t<\/div>\n\t\t<\/div>\n\t\t\t\t\t\t\t<\/div>\n\t\t<\/section>\n\t\t\t\t<section class=\"elementor-section elementor-inner-section elementor-element elementor-element-d9c4ca4 elementor-section-boxed elementor-section-height-default elementor-section-height-default\" data-id=\"d9c4ca4\" data-element_type=\"section\">\n\t\t\t\t\t\t<div class=\"elementor-container elementor-column-gap-default\">\n\t\t\t\t\t<div class=\"elementor-column elementor-col-50 elementor-inner-column elementor-element elementor-element-61f3ea0\" data-id=\"61f3ea0\" data-element_type=\"column\">\n\t\t\t<div class=\"elementor-widget-wrap elementor-element-populated\">\n\t\t\t\t\t\t\t\t<div class=\"elementor-element elementor-element-d75a2ec elementor-widget elementor-widget-image\" data-id=\"d75a2ec\" data-element_type=\"widget\" data-widget_type=\"image.default\">\n\t\t\t\t<div class=\"elementor-widget-container\">\n\t\t\t\t\t\t\t\t\t\t\t\t\t\t\t<img decoding=\"async\" src=\"https:\/\/www.elfrago.org\/wp-content\/uploads\/elementor\/thumbs\/El-Frago-Torre-pxsk363skqxic5u6z5fmj9js9axsseyi1gwsj7z9bk.jpg\" title=\"El Frago &#8211; Torre\" alt=\"El Frago - Torre\" loading=\"lazy\" \/>\t\t\t\t\t\t\t\t\t\t\t\t\t\t\t<\/div>\n\t\t\t\t<\/div>\n\t\t\t\t\t<\/div>\n\t\t<\/div>\n\t\t\t\t<div class=\"elementor-column elementor-col-50 elementor-inner-column elementor-element elementor-element-0931aaa\" data-id=\"0931aaa\" data-element_type=\"column\">\n\t\t\t<div class=\"elementor-widget-wrap elementor-element-populated\">\n\t\t\t\t\t\t\t\t<div class=\"elementor-element elementor-element-a755852 elementor-widget elementor-widget-text-editor\" data-id=\"a755852\" data-element_type=\"widget\" data-widget_type=\"text-editor.default\">\n\t\t\t\t<div class=\"elementor-widget-container\">\n\t\t\t\t\t\t\t<p>Existe una cripta bajo el templo, donde se conserva la im\u00e1gen del Santo Cristo de El Frago, valiosa talla realizada en el siglo XVI. En su interior destaca la presencia de una escultura del siglo XII y el retablo de la Virgen del Rosario, realizado en el siglo XVI por el escultor Ancheta. La portada de los pies consta de dos arquivoltas apoyadas sobre columnas con capiteles de hojas y un t\u00edmpano apoyado en m\u00e9nsulas en el que se representa un Crism\u00f3n rodeado de dos \u00c1ngeles. La portada de la Ep\u00edstola est\u00e1 formada por cinco arquivoltas de baquet\u00f3n, estando la aneja al t\u00edmpano decorada en cada una de sus doce dovelas por un personaje aleg\u00f3rico a las actividades agr\u00edcolas del a\u00f1o. Los cuatro capiteles a cada lado muestran variados motivos tales como historiados, animales y vegetales, producto del Maestro de San Juan de la Pe\u00f1a, no faltando su tradicional bailarina contorsion\u00e1ndose. En el t\u00edmpano se representa una Adoraci\u00f3n de los Reyes.<\/p><p>Dos son las calles principales del casco urbano, que convergen en un pasadizo en forma de arco que anta\u00f1o debi\u00f3 servir de acceso al recinto; \u00e9ste nos lleva a un mirador natural, el \u201cTerrao\u201d, que nos ofrece una magn\u00edfica panor\u00e1mica del Valle del Arba.<\/p><p>En este mismo lugar podemos encontrar la antigua c\u00e1rcel municipal.<\/p>\t\t\t\t\t\t<\/div>\n\t\t\t\t<\/div>\n\t\t\t\t\t<\/div>\n\t\t<\/div>\n\t\t\t\t\t\t\t<\/div>\n\t\t<\/section>\n\t\t\t\t<section class=\"elementor-section elementor-inner-section elementor-element elementor-element-406eef2 elementor-reverse-mobile elementor-section-boxed elementor-section-height-default elementor-section-height-default\" data-id=\"406eef2\" data-element_type=\"section\">\n\t\t\t\t\t\t<div class=\"elementor-container elementor-column-gap-default\">\n\t\t\t\t\t<div class=\"elementor-column elementor-col-50 elementor-inner-column elementor-element elementor-element-34221e1\" data-id=\"34221e1\" data-element_type=\"column\">\n\t\t\t<div class=\"elementor-widget-wrap elementor-element-populated\">\n\t\t\t\t\t\t\t\t<div class=\"elementor-element elementor-element-e898113 elementor-widget elementor-widget-text-editor\" data-id=\"e898113\" data-element_type=\"widget\" data-widget_type=\"text-editor.default\">\n\t\t\t\t<div class=\"elementor-widget-container\">\n\t\t\t\t\t\t\t<p>En el camino de subida al pueblo, se encuentra la ermita rom\u00e1nica de San Miguel, de una sola nave, b\u00f3veda de ca\u00f1\u00f3n apuntada y cabecera plana (S. XII). Siendo lo m\u00e1s notable su portada de cuatro arquivoltas de arista y baquetonadas alternativamente, apoyadas sobre capiteles de traza geom\u00e9trica que se han quedado sin el apoyo de los fustes.<\/p><p>En una zona m\u00e1s elevada del pueblo, est\u00e1 enclavada la ermita de Santa Ana, sencilla construcci\u00f3n en piedra, con porche ante la puerta y cubierta de madera.<\/p><p>Otro de los atractivos de este municipio son los maravillosos parajes naturales, en los que podemos apreciar una rica biodiversidad de flora y fauna.<\/p>\t\t\t\t\t\t<\/div>\n\t\t\t\t<\/div>\n\t\t\t\t\t<\/div>\n\t\t<\/div>\n\t\t\t\t<div class=\"elementor-column elementor-col-50 elementor-inner-column elementor-element elementor-element-857966b\" data-id=\"857966b\" data-element_type=\"column\">\n\t\t\t<div class=\"elementor-widget-wrap elementor-element-populated\">\n\t\t\t\t\t\t\t\t<div class=\"elementor-element elementor-element-3e43e6a elementor-widget elementor-widget-image\" data-id=\"3e43e6a\" data-element_type=\"widget\" data-widget_type=\"image.default\">\n\t\t\t\t<div class=\"elementor-widget-container\">\n\t\t\t\t\t\t\t\t\t\t\t\t\t\t\t<img decoding=\"async\" src=\"https:\/\/www.elfrago.org\/wp-content\/uploads\/elementor\/thumbs\/Calle-de-El-Frago-pxsk355wts1ax7k8ie6gzu5ey01ugbr22p8kkgxx4s.jpg\" title=\"Calle de El Frago\" alt=\"Calle de El Frago\" loading=\"lazy\" \/>\t\t\t\t\t\t\t\t\t\t\t\t\t\t\t<\/div>\n\t\t\t\t<\/div>\n\t\t\t\t\t<\/div>\n\t\t<\/div>\n\t\t\t\t\t\t\t<\/div>\n\t\t<\/section>\n\t\t\t\t<section class=\"elementor-section elementor-inner-section elementor-element elementor-element-5e96839 elementor-section-boxed elementor-section-height-default elementor-section-height-default\" data-id=\"5e96839\" data-element_type=\"section\">\n\t\t\t\t\t\t<div class=\"elementor-container elementor-column-gap-default\">\n\t\t\t\t\t<div class=\"elementor-column elementor-col-50 elementor-inner-column elementor-element elementor-element-1c9b720\" data-id=\"1c9b720\" data-element_type=\"column\">\n\t\t\t<div class=\"elementor-widget-wrap elementor-element-populated\">\n\t\t\t\t\t\t\t\t<div class=\"elementor-element elementor-element-08118b6 elementor-widget elementor-widget-image\" data-id=\"08118b6\" data-element_type=\"widget\" data-widget_type=\"image.default\">\n\t\t\t\t<div class=\"elementor-widget-container\">\n\t\t\t\t\t\t\t\t\t\t\t\t\t\t\t<img decoding=\"async\" width=\"455\" height=\"341\" src=\"https:\/\/www.elfrago.org\/wp-content\/uploads\/2020\/09\/194752-el-frago-pozo-zarrampullo--e1600078320481.jpg\" class=\"attachment-large size-large wp-image-233\" alt=\"\" loading=\"lazy\" \/>\t\t\t\t\t\t\t\t\t\t\t\t\t\t\t<\/div>\n\t\t\t\t<\/div>\n\t\t\t\t\t<\/div>\n\t\t<\/div>\n\t\t\t\t<div class=\"elementor-column elementor-col-50 elementor-inner-column elementor-element elementor-element-14eddbe\" data-id=\"14eddbe\" data-element_type=\"column\">\n\t\t\t<div class=\"elementor-widget-wrap elementor-element-populated\">\n\t\t\t\t\t\t\t\t<div class=\"elementor-element elementor-element-b17e12b elementor-widget elementor-widget-text-editor\" data-id=\"b17e12b\" data-element_type=\"widget\" data-widget_type=\"text-editor.default\">\n\t\t\t\t<div class=\"elementor-widget-container\">\n\t\t\t\t\t\t\t<p>Uno de los lugares destacados es el pozo Zarrampullo, en el barranco de Cervera, donde el agua realiza un espectacular salto. A lo largo de toda la rivera del r\u00edo Arba, podemos pasear por sus centenarios bosques de \u00e1lamos.<\/p><p>Una de estas magn\u00edficas arboledas de chopos centenarios se ha habilitado como zona recreativa. Donde podemos disfrutar de asadores, pista de baloncesto, tenis y una tranquila piscina municipal.<\/p><p>Todo el pueblo se encuentra rodeado de extensos bosques, que invitan a pasear por sus serpenteantes caminos.<\/p><p>Junto al rico patrimonio art\u00edstico y natural, se mantienen vivos numerosos elementos de inter\u00e9s etnol\u00f3gico: actividades tradicionales, festividades, gastronom\u00eda.<\/p>\t\t\t\t\t\t<\/div>\n\t\t\t\t<\/div>\n\t\t\t\t\t<\/div>\n\t\t<\/div>\n\t\t\t\t\t\t\t<\/div>\n\t\t<\/section>\n\t\t\t\t\t<\/div>\n\t\t<\/div>\n\t\t\t\t\t\t\t<\/div>\n\t\t<\/section>\n\t\t\t\t\t\t\t<\/div>\n\t\t","protected":false},"excerpt":{"rendered":"<p>Un peque\u00f1o recorrido por El Frago Situado al este de la comarca de las Cinco Villas. El Frago se encuentra ubicado en un enclave privilegiado, dominando los valles del R\u00edo Arba de Biel y del Barranco de Cervera, sobre un cerro a unos 629 m. de altitud. Se trata de un bello conjunto arquitect\u00f3nico medieval &hellip;<\/p>\n<p class=\"read-more\"> <a class=\"\" href=\"https:\/\/www.elfrago.org\/index.php\/historia-del-pueblo\/\"> <span class=\"screen-reader-text\">Historia del pueblo<\/span> Leer m\u00e1s &raquo;<\/a><\/p>\n","protected":false},"author":5,"featured_media":0,"parent":0,"menu_order":0,"comment_status":"closed","ping_status":"closed","template":"","meta":{"site-sidebar-layout":"no-sidebar","site-content-layout":"page-builder","ast-global-header-display":"","ast-main-header-display":"","ast-hfb-above-header-display":"","ast-hfb-below-header-display":"","ast-hfb-mobile-header-display":"","site-post-title":"disabled","ast-breadcrumbs-content":"","ast-featured-img":"disabled","footer-sml-layout":"","theme-transparent-header-meta":"","adv-header-id-meta":"","stick-header-meta":"","header-above-stick-meta":"","header-main-stick-meta":"","header-below-stick-meta":""},"_links":{"self":[{"href":"https:\/\/www.elfrago.org\/index.php\/wp-json\/wp\/v2\/pages\/1178"}],"collection":[{"href":"https:\/\/www.elfrago.org\/index.php\/wp-json\/wp\/v2\/pages"}],"about":[{"href":"https:\/\/www.elfrago.org\/index.php\/wp-json\/wp\/v2\/types\/page"}],"author":[{"embeddable":true,"href":"https:\/\/www.elfrago.org\/index.php\/wp-json\/wp\/v2\/users\/5"}],"replies":[{"embeddable":true,"href":"https:\/\/www.elfrago.org\/index.php\/wp-json\/wp\/v2\/comments?post=1178"}],"version-history":[{"count":67,"href":"https:\/\/www.elfrago.org\/index.php\/wp-json\/wp\/v2\/pages\/1178\/revisions"}],"predecessor-version":[{"id":1411,"href":"https:\/\/www.elfrago.org\/index.php\/wp-json\/wp\/v2\/pages\/1178\/revisions\/1411"}],"wp:attachment":[{"href":"https:\/\/www.elfrago.org\/index.php\/wp-json\/wp\/v2\/media?parent=1178"}],"curies":[{"name":"wp","href":"https:\/\/api.w.org\/{rel}","templated":true}]}}