{"id":1152,"date":"2022-11-16T06:40:57","date_gmt":"2022-11-16T05:40:57","guid":{"rendered":"https:\/\/www.elfrago.org\/?page_id=1152"},"modified":"2022-11-16T06:46:51","modified_gmt":"2022-11-16T05:46:51","slug":"no-a-las-macro-granjas-si-a-la-vida-digna-de-los-pueblos","status":"publish","type":"page","link":"https:\/\/www.elfrago.org\/index.php\/no-a-las-macro-granjas-si-a-la-vida-digna-de-los-pueblos\/","title":{"rendered":"\u00a1No a las macro granjas! \u00a1S\u00ed a la vida digna de los pueblos!"},"content":{"rendered":"\t\t<div data-elementor-type=\"wp-page\" data-elementor-id=\"1152\" class=\"elementor elementor-1152\" data-elementor-post-type=\"page\">\n\t\t\t\t\t\t\t\t\t<section class=\"elementor-section elementor-top-section elementor-element elementor-element-ce9fe36 elementor-section-boxed elementor-section-height-default elementor-section-height-default\" data-id=\"ce9fe36\" data-element_type=\"section\">\n\t\t\t\t\t\t<div class=\"elementor-container elementor-column-gap-default\">\n\t\t\t\t\t<div class=\"elementor-column elementor-col-100 elementor-top-column elementor-element elementor-element-571401b\" data-id=\"571401b\" data-element_type=\"column\">\n\t\t\t<div class=\"elementor-widget-wrap elementor-element-populated\">\n\t\t\t\t\t\t\t\t<div class=\"elementor-element elementor-element-a1d7296 elementor-widget elementor-widget-heading\" data-id=\"a1d7296\" data-element_type=\"widget\" data-widget_type=\"heading.default\">\n\t\t\t\t<div class=\"elementor-widget-container\">\n\t\t\t<style>\/*! elementor - v3.14.0 - 26-06-2023 *\/\n.elementor-heading-title{padding:0;margin:0;line-height:1}.elementor-widget-heading .elementor-heading-title[class*=elementor-size-]>a{color:inherit;font-size:inherit;line-height:inherit}.elementor-widget-heading .elementor-heading-title.elementor-size-small{font-size:15px}.elementor-widget-heading .elementor-heading-title.elementor-size-medium{font-size:19px}.elementor-widget-heading .elementor-heading-title.elementor-size-large{font-size:29px}.elementor-widget-heading .elementor-heading-title.elementor-size-xl{font-size:39px}.elementor-widget-heading .elementor-heading-title.elementor-size-xxl{font-size:59px}<\/style><h2 class=\"elementor-heading-title elementor-size-default\">\u00a1No a las macro granjas! \u00a1S\u00ed a la vida digna de los pueblos!<\/h2>\t\t<\/div>\n\t\t\t\t<\/div>\n\t\t\t\t<div class=\"elementor-element elementor-element-91c100d elementor-widget elementor-widget-text-editor\" data-id=\"91c100d\" data-element_type=\"widget\" data-widget_type=\"text-editor.default\">\n\t\t\t\t<div class=\"elementor-widget-container\">\n\t\t\t<style>\/*! elementor - v3.14.0 - 26-06-2023 *\/\n.elementor-widget-text-editor.elementor-drop-cap-view-stacked .elementor-drop-cap{background-color:#69727d;color:#fff}.elementor-widget-text-editor.elementor-drop-cap-view-framed .elementor-drop-cap{color:#69727d;border:3px solid;background-color:transparent}.elementor-widget-text-editor:not(.elementor-drop-cap-view-default) .elementor-drop-cap{margin-top:8px}.elementor-widget-text-editor:not(.elementor-drop-cap-view-default) .elementor-drop-cap-letter{width:1em;height:1em}.elementor-widget-text-editor .elementor-drop-cap{float:left;text-align:center;line-height:1;font-size:50px}.elementor-widget-text-editor .elementor-drop-cap-letter{display:inline-block}<\/style>\t\t\t\t<p>El Frago, un pueblo con XI siglos de historia ubicado en las Altas Cinco Villas, cuenta con una poblaci\u00f3n de 139 personas censadas, m\u00e1s otras gentes que tienen segundas residencias y vienen cada semana.<\/p><p>Recientemente ha llegado a nuestro conocimiento el expediente de la Confederaci\u00f3n Hidrogr\u00e1fica del Ebro referenciado como 2021-P-1062, consistente en la solicitud de un aprovechamiento hidr\u00e1ulico de un pozo de 100 metros en la margen derecha del r\u00edo Arba de Biel, para extraer una cantidad aproximada de 29.000 m3 de agua anuales para una explotaci\u00f3n porcina de 8.000 lechones.<\/p><p>El municipio de El Frago debe el 100% de su abastecimiento de agua potable para la poblaci\u00f3n (agua de boca) al r\u00edo Arba de Biel, r\u00edo que llena el pozo del que se pretende aprovechar y que se encuentra justo encima en el trayecto del r\u00edo.<\/p><p>Es por ello por lo que este pozo, situado 8 km aguas arriba, afecta directa y gravemente a los vecinos y residentes del pueblo, as\u00ed como a nuestros campos, huertos y animales, anul\u00e1ndonos el derecho universal de acceso a agua al no disponer de alternativa alguna para este suministro.<\/p><p>En los \u00faltimos a\u00f1os se ha tenido que restringir el uso del agua en verano debido a la escasez del caudal suministrado por el acu\u00edfero mencionado. Y la tendencia seg\u00fan las previsiones del Instituto Nacional de Meteorolog\u00eda y de los t\u00e9cnicos del Gobierno de Arag\u00f3n para los pr\u00f3ximos a\u00f1os en la zona son similares o incluso m\u00e1s secos si cabe que los \u00faltimos.<\/p><p>Con las cifras de consumo y extracci\u00f3n diaria de agua para los cerdos de esta macro granja, el acu\u00edfero corre el riesgo de quedar completamente agotado en verano, abocando a nuestro querido pueblo, El Frago, a languidecer y desaparecer por inhabitable.<\/p><p>Ante los da\u00f1os presentes y futuros que la instalaci\u00f3n de esta macro granja acarrea (cortes de agua, incertidumbre con los purines y su posterior tratado, incremento de circulaci\u00f3n de camiones en una carretera desvencijada, etc.) os solicitamos que apoy\u00e9is esta iniciativa para parar esta macro granja.<\/p><p>\u00a1No a las macro granjas! \u00a1S\u00ed a la vida digna de los pueblos!<\/p>\t\t\t\t\t\t<\/div>\n\t\t\t\t<\/div>\n\t\t\t\t<div class=\"elementor-element elementor-element-b062db0 elementor-align-center elementor-widget elementor-widget-button\" data-id=\"b062db0\" data-element_type=\"widget\" data-widget_type=\"button.default\">\n\t\t\t\t<div class=\"elementor-widget-container\">\n\t\t\t\t\t<div class=\"elementor-button-wrapper\">\n\t\t\t<a class=\"elementor-button elementor-button-link elementor-size-sm\" href=\"https:\/\/www.change.org\/p\/no-a-las-macro-granjas-s%C3%AD-a-la-vida-digna-de-los-pueblos\" target=\"_blank\" rel=\"nofollow\">\n\t\t\t\t\t\t<span class=\"elementor-button-content-wrapper\">\n\t\t\t\t\t\t<span class=\"elementor-button-text\">M\u00e1s informaci\u00f3n<\/span>\n\t\t<\/span>\n\t\t\t\t\t<\/a>\n\t\t<\/div>\n\t\t\t\t<\/div>\n\t\t\t\t<\/div>\n\t\t\t\t\t<\/div>\n\t\t<\/div>\n\t\t\t\t\t\t\t<\/div>\n\t\t<\/section>\n\t\t\t\t\t\t\t<\/div>\n\t\t","protected":false},"excerpt":{"rendered":"<p>\u00a1No a las macro granjas! \u00a1S\u00ed a la vida digna de los pueblos! El Frago, un pueblo con XI siglos de historia ubicado en las Altas Cinco Villas, cuenta con una poblaci\u00f3n de 139 personas censadas, m\u00e1s otras gentes que tienen segundas residencias y vienen cada semana. Recientemente ha llegado a nuestro conocimiento el expediente &hellip;<\/p>\n<p class=\"read-more\"> <a class=\"\" href=\"https:\/\/www.elfrago.org\/index.php\/no-a-las-macro-granjas-si-a-la-vida-digna-de-los-pueblos\/\"> <span class=\"screen-reader-text\">\u00a1No a las macro granjas! \u00a1S\u00ed a la vida digna de los pueblos!<\/span> Leer m\u00e1s &raquo;<\/a><\/p>\n","protected":false},"author":5,"featured_media":0,"parent":0,"menu_order":0,"comment_status":"closed","ping_status":"closed","template":"","meta":{"site-sidebar-layout":"no-sidebar","site-content-layout":"page-builder","ast-global-header-display":"","ast-main-header-display":"","ast-hfb-above-header-display":"","ast-hfb-below-header-display":"","ast-hfb-mobile-header-display":"","site-post-title":"disabled","ast-breadcrumbs-content":"","ast-featured-img":"disabled","footer-sml-layout":"","theme-transparent-header-meta":"","adv-header-id-meta":"","stick-header-meta":"","header-above-stick-meta":"","header-main-stick-meta":"","header-below-stick-meta":""},"_links":{"self":[{"href":"https:\/\/www.elfrago.org\/index.php\/wp-json\/wp\/v2\/pages\/1152"}],"collection":[{"href":"https:\/\/www.elfrago.org\/index.php\/wp-json\/wp\/v2\/pages"}],"about":[{"href":"https:\/\/www.elfrago.org\/index.php\/wp-json\/wp\/v2\/types\/page"}],"author":[{"embeddable":true,"href":"https:\/\/www.elfrago.org\/index.php\/wp-json\/wp\/v2\/users\/5"}],"replies":[{"embeddable":true,"href":"https:\/\/www.elfrago.org\/index.php\/wp-json\/wp\/v2\/comments?post=1152"}],"version-history":[{"count":6,"href":"https:\/\/www.elfrago.org\/index.php\/wp-json\/wp\/v2\/pages\/1152\/revisions"}],"predecessor-version":[{"id":1159,"href":"https:\/\/www.elfrago.org\/index.php\/wp-json\/wp\/v2\/pages\/1152\/revisions\/1159"}],"wp:attachment":[{"href":"https:\/\/www.elfrago.org\/index.php\/wp-json\/wp\/v2\/media?parent=1152"}],"curies":[{"name":"wp","href":"https:\/\/api.w.org\/{rel}","templated":true}]}}